{"id":4444,"date":"2021-05-18T17:52:24","date_gmt":"2021-05-18T17:52:24","guid":{"rendered":"https:\/\/mifavorita.com.pa\/2017\/?page_id=4444"},"modified":"2024-10-18T13:44:05","modified_gmt":"2024-10-18T13:44:05","slug":"programacion","status":"publish","type":"page","link":"https:\/\/mifavorita.com.pa\/2017\/programacion\/","title":{"rendered":"Programacion"},"content":{"rendered":"\t\t<div data-elementor-type=\"wp-page\" data-elementor-id=\"4444\" class=\"elementor elementor-4444\" data-elementor-post-type=\"page\">\n\t\t\t\t\t\t<section class=\"elementor-section elementor-top-section elementor-element elementor-element-b79e816 elementor-section-boxed elementor-section-height-default elementor-section-height-default\" data-id=\"b79e816\" data-element_type=\"section\" data-settings=\"{&quot;background_background&quot;:&quot;classic&quot;}\">\n\t\t\t\t\t\t<div class=\"elementor-container elementor-column-gap-default\">\n\t\t\t\t\t<div class=\"elementor-column elementor-col-33 elementor-top-column elementor-element elementor-element-29fc1c2\" data-id=\"29fc1c2\" data-element_type=\"column\">\n\t\t\t<div class=\"elementor-widget-wrap\">\n\t\t\t\t\t\t\t<\/div>\n\t\t<\/div>\n\t\t\t\t<div class=\"elementor-column elementor-col-33 elementor-top-column elementor-element elementor-element-432e71b\" data-id=\"432e71b\" data-element_type=\"column\" data-settings=\"{&quot;background_background&quot;:&quot;classic&quot;}\">\n\t\t\t<div class=\"elementor-widget-wrap elementor-element-populated\">\n\t\t\t\t\t\t<div class=\"elementor-element elementor-element-908bedf elementor-widget elementor-widget-heading\" data-id=\"908bedf\" data-element_type=\"widget\" data-widget_type=\"heading.default\">\n\t\t\t\t<div class=\"elementor-widget-container\">\n\t\t\t<h3 class=\"elementor-heading-title elementor-size-default\">MI FAVORITA<\/h3>\t\t<\/div>\n\t\t\t\t<\/div>\n\t\t\t\t<div class=\"elementor-element elementor-element-a1d030e elementor-widget elementor-widget-heading\" data-id=\"a1d030e\" data-element_type=\"widget\" data-widget_type=\"heading.default\">\n\t\t\t\t<div class=\"elementor-widget-container\">\n\t\t\t<h2 class=\"elementor-heading-title elementor-size-default\">PROGRAMACI\u00d3N<\/h2>\t\t<\/div>\n\t\t\t\t<\/div>\n\t\t\t\t\t<\/div>\n\t\t<\/div>\n\t\t\t\t<div class=\"elementor-column elementor-col-33 elementor-top-column elementor-element elementor-element-696856b\" data-id=\"696856b\" data-element_type=\"column\">\n\t\t\t<div class=\"elementor-widget-wrap\">\n\t\t\t\t\t\t\t<\/div>\n\t\t<\/div>\n\t\t\t\t\t<\/div>\n\t\t<\/section>\n\t\t\t\t<section class=\"elementor-section elementor-top-section elementor-element elementor-element-2eeae34 elementor-section-boxed elementor-section-height-default elementor-section-height-default\" data-id=\"2eeae34\" data-element_type=\"section\">\n\t\t\t\t\t\t<div class=\"elementor-container elementor-column-gap-default\">\n\t\t\t\t\t<div class=\"elementor-column elementor-col-100 elementor-top-column elementor-element elementor-element-5db6bee\" data-id=\"5db6bee\" data-element_type=\"column\">\n\t\t\t<div class=\"elementor-widget-wrap elementor-element-populated\">\n\t\t\t\t\t\t<div class=\"elementor-element elementor-element-422da0a elementor--h-position-center elementor--v-position-middle elementor-arrows-position-inside elementor-pagination-position-inside elementor-widget elementor-widget-slides\" data-id=\"422da0a\" data-element_type=\"widget\" data-settings=\"{&quot;autoplay_speed&quot;:4000,&quot;navigation&quot;:&quot;both&quot;,&quot;autoplay&quot;:&quot;yes&quot;,&quot;pause_on_hover&quot;:&quot;yes&quot;,&quot;pause_on_interaction&quot;:&quot;yes&quot;,&quot;infinite&quot;:&quot;yes&quot;,&quot;transition&quot;:&quot;slide&quot;,&quot;transition_speed&quot;:500}\" data-widget_type=\"slides.default\">\n\t\t\t\t<div class=\"elementor-widget-container\">\n\t\t\t\t\t<div class=\"elementor-swiper\">\n\t\t\t<div class=\"elementor-slides-wrapper elementor-main-swiper swiper\" dir=\"ltr\" data-animation=\"fadeInUp\">\n\t\t\t\t<div class=\"swiper-wrapper elementor-slides\">\n\t\t\t\t\t\t\t\t\t\t<div class=\"elementor-repeater-item-6d51b86 swiper-slide\"><div class=\"swiper-slide-bg\" role=\"img\"><\/div><div class=\"swiper-slide-inner\" ><div class=\"swiper-slide-contents\"><\/div><\/div><\/div><div class=\"elementor-repeater-item-3aed766 swiper-slide\"><div class=\"swiper-slide-bg\" role=\"img\"><\/div><div class=\"swiper-slide-inner\" ><div class=\"swiper-slide-contents\"><\/div><\/div><\/div><div class=\"elementor-repeater-item-7ce9d79 swiper-slide\"><div class=\"swiper-slide-bg\" role=\"img\"><\/div><div class=\"swiper-slide-inner\" ><div class=\"swiper-slide-contents\"><\/div><\/div><\/div><div class=\"elementor-repeater-item-a3f866f swiper-slide\"><div class=\"swiper-slide-bg\" role=\"img\"><\/div><div class=\"swiper-slide-inner\" ><div class=\"swiper-slide-contents\"><\/div><\/div><\/div><div class=\"elementor-repeater-item-8a97c28 swiper-slide\"><div class=\"swiper-slide-bg\" role=\"img\"><\/div><div class=\"swiper-slide-inner\" ><div class=\"swiper-slide-contents\"><\/div><\/div><\/div>\t\t\t\t<\/div>\n\t\t\t\t\t\t\t\t\t\t\t\t\t\t\t<div class=\"swiper-pagination\"><\/div>\n\t\t\t\t\t\t\t\t\t\t\t\t\t\t\t\t<div class=\"elementor-swiper-button elementor-swiper-button-prev\" role=\"button\" tabindex=\"0\">\n\t\t\t\t\t\t\t<i aria-hidden=\"true\" class=\"eicon-chevron-left\"><\/i>\t\t\t\t\t\t\t<span class=\"elementor-screen-only\">Previous slide<\/span>\n\t\t\t\t\t\t<\/div>\n\t\t\t\t\t\t<div class=\"elementor-swiper-button elementor-swiper-button-next\" role=\"button\" tabindex=\"0\">\n\t\t\t\t\t\t\t<i aria-hidden=\"true\" class=\"eicon-chevron-right\"><\/i>\t\t\t\t\t\t\t<span class=\"elementor-screen-only\">Next slide<\/span>\n\t\t\t\t\t\t<\/div>\n\t\t\t\t\t\t\t\t\t\t\t\t<\/div>\n\t\t<\/div>\n\t\t\t\t<\/div>\n\t\t\t\t<\/div>\n\t\t\t\t\t<\/div>\n\t\t<\/div>\n\t\t\t\t\t<\/div>\n\t\t<\/section>\n\t\t\t\t<section class=\"elementor-section elementor-top-section elementor-element elementor-element-1c3c723 elementor-section-boxed elementor-section-height-default elementor-section-height-default\" data-id=\"1c3c723\" data-element_type=\"section\" data-settings=\"{&quot;background_background&quot;:&quot;classic&quot;}\">\n\t\t\t\t\t\t<div class=\"elementor-container elementor-column-gap-default\">\n\t\t\t\t\t<div class=\"elementor-column elementor-col-100 elementor-top-column elementor-element elementor-element-7cb5f99\" data-id=\"7cb5f99\" data-element_type=\"column\">\n\t\t\t<div class=\"elementor-widget-wrap elementor-element-populated\">\n\t\t\t\t\t\t<div class=\"elementor-element elementor-element-d83f73b elementor-widget elementor-widget-html\" data-id=\"d83f73b\" data-element_type=\"widget\" data-widget_type=\"html.default\">\n\t\t\t\t<div class=\"elementor-widget-container\">\n\t\t\t<div style=\"font-family: Arial, sans-serif; padding: 20px; max-width: 800px; margin: auto; background-color: #f7f7f7; border-radius: 10px; box-shadow: 0 4px 8px rgba(0, 0, 0, 0.1);\">\n  <h2 style=\"text-align: center; color: #333;\">Horarios de Programaci\u00f3n<\/h2>\n  \n  <div style=\"margin-bottom: 20px;\">\n    <h3 style=\"color: #555;\">Lunes a Viernes<\/h3>\n    <p><strong>5:00 a.m. - 12:00 m.n.<\/strong><\/p>\n    \n    <div style=\"margin-left: 20px;\">\n      <h4>A.M.<\/h4>\n      <p><strong>7:00 - 8:00<\/strong> Mi Favorita Noticiosa <em>(Dar\u00edo Fern\u00e1ndez A. - Wendy Rangel)<\/em><\/p>\n      <p><strong>8:30 - 10:00<\/strong> Opini\u00f3n P\u00fablica <em>(Dar\u00edo Fern\u00e1ndez A. \u2013 Edilsa Gonz\u00e1lez)<\/em><\/p>\n      \n      <h4>P.M.<\/h4>\n      <p><strong>12:00 - 12:30<\/strong> Informativo Mediod\u00eda <em>(Dar\u00edo Fern\u00e1ndez A.)<\/em><\/p>\n      <p><strong>3:00 - 4:00<\/strong> Diario Deportivo <em>(Irving Tejeira)<\/em><\/p>\n      <p><strong>4:00 - 6:00<\/strong> Tus Tardes FAVORITA<\/p>\n    <\/div>\n  <\/div>\n  \n  <div style=\"margin-bottom: 20px;\">\n    <h3 style=\"color: #555;\">Lunes<\/h3>\n    <div style=\"margin-left: 20px;\">\n      <p><strong>7:15 - 8:15<\/strong> Detr\u00e1s de la Puerta <em>(Damgela De Le\u00f3n - Irving Tejeira)<\/em><\/p>\n    <\/div>\n  <\/div>\n  \n  <div style=\"margin-bottom: 20px;\">\n    <h3 style=\"color: #555;\">S\u00e1bados<\/h3>\n    <div style=\"margin-left: 20px;\">\n      <p><strong>8:00 - 9:00 a.m.<\/strong> Revista Musical \u201cHola Familia\u201d <em>(Edilsa Gonz\u00e1lez)<\/em><\/p>\n      <p><strong>9:00 - 10:00<\/strong> Retro Party <em>(Dj Kamo - Oni Red)<\/em><\/p>\n    <\/div>\n  <\/div>\n  \n  <div style=\"margin-bottom: 20px;\">\n    <h3 style=\"color: #555;\">Domingos<\/h3>\n    <div style=\"margin-left: 20px;\">\n      <p><strong>10:00 - 11:30<\/strong> Recuerdos Musicales <em>(Eduardo Rosas)<\/em><\/p>\n    <\/div>\n  <\/div>\n<\/div>\n\t\t<\/div>\n\t\t\t\t<\/div>\n\t\t\t\t\t<\/div>\n\t\t<\/div>\n\t\t\t\t\t<\/div>\n\t\t<\/section>\n\t\t\t\t<\/div>\n\t\t","protected":false},"excerpt":{"rendered":"<p>MI FAVORITA PROGRAMACI\u00d3N Previous slide Next slide Horarios de Programaci\u00f3n Lunes a Viernes 5:00 a.m. &#8211; 12:00 m.n. A.M. 7:00 &#8211; 8:00 Mi Favorita Noticiosa (Dar\u00edo Fern\u00e1ndez A. &#8211; Wendy Rangel) 8:30 &#8211; 10:00 Opini\u00f3n P\u00fablica (Dar\u00edo Fern\u00e1ndez A. \u2013 Edilsa Gonz\u00e1lez) P.M. 12:00 &#8211; 12:30 Informativo Mediod\u00eda (Dar\u00edo Fern\u00e1ndez A.) 3:00 &#8211; 4:00 Diario [&hellip;]<\/p>\n","protected":false},"author":1,"featured_media":0,"parent":0,"menu_order":0,"comment_status":"closed","ping_status":"closed","template":"elementor_header_footer","meta":{"footnotes":""},"class_list":["post-4444","page","type-page","status-publish","hentry"],"_links":{"self":[{"href":"https:\/\/mifavorita.com.pa\/2017\/wp-json\/wp\/v2\/pages\/4444","targetHints":{"allow":["GET"]}}],"collection":[{"href":"https:\/\/mifavorita.com.pa\/2017\/wp-json\/wp\/v2\/pages"}],"about":[{"href":"https:\/\/mifavorita.com.pa\/2017\/wp-json\/wp\/v2\/types\/page"}],"author":[{"embeddable":true,"href":"https:\/\/mifavorita.com.pa\/2017\/wp-json\/wp\/v2\/users\/1"}],"replies":[{"embeddable":true,"href":"https:\/\/mifavorita.com.pa\/2017\/wp-json\/wp\/v2\/comments?post=4444"}],"version-history":[{"count":76,"href":"https:\/\/mifavorita.com.pa\/2017\/wp-json\/wp\/v2\/pages\/4444\/revisions"}],"predecessor-version":[{"id":13872,"href":"https:\/\/mifavorita.com.pa\/2017\/wp-json\/wp\/v2\/pages\/4444\/revisions\/13872"}],"wp:attachment":[{"href":"https:\/\/mifavorita.com.pa\/2017\/wp-json\/wp\/v2\/media?parent=4444"}],"curies":[{"name":"wp","href":"https:\/\/api.w.org\/{rel}","templated":true}]}}